{"id":1529,"date":"2020-03-21T10:04:40","date_gmt":"2020-03-21T10:04:40","guid":{"rendered":"https:\/\/tsv-rothenthurm.ch\/wordpress\/?page_id=1529"},"modified":"2020-03-21T10:18:47","modified_gmt":"2020-03-21T10:18:47","slug":"rothenthurm-3","status":"publish","type":"page","link":"https:\/\/tsv-rothenthurm.ch\/index.php\/rothenthurm-3\/","title":{"rendered":"Rothenthurm"},"content":{"rendered":"<p><div class=\"fusion-fullwidth fullwidth-box fusion-builder-row-1 nonhundred-percent-fullwidth non-hundred-percent-height-scrolling\" style=\"background-color: rgba(255,255,255,0);background-position: center center;background-repeat: no-repeat;padding-top:0px;padding-right:10px;padding-bottom:0px;padding-left:0px;margin-bottom: 0px;margin-top: -55px;border-width: 0px 0px 0px 0px;border-color:#eae9e9;border-style:solid;\" ><div class=\"fusion-builder-row fusion-row\"><div class=\"fusion-layout-column fusion_builder_column fusion-builder-column-0 fusion_builder_column_1_1 1_1 fusion-one-full fusion-column-first fusion-column-last\" style=\"margin-top:0px;margin-bottom:20px;\"><div class=\"fusion-column-wrapper fusion-flex-column-wrapper-legacy\" style=\"background-position:left top;background-repeat:no-repeat;-webkit-background-size:cover;-moz-background-size:cover;-o-background-size:cover;background-size:cover;padding: 0px 0px 0px 0px;\"><div class=\"fusion-section-separator section-separator horizon fusion-section-separator-1\"><div class=\"fusion-section-separator-svg\" style=\"font-size:0;line-height:0;margin-left: 0px;margin-right: 0px;\"><svg class=\"fusion-horizon-candy\" fill=\"#f44336\" xmlns=\"http:\/\/www.w3.org\/2000\/svg\" version=\"1.1\" width=\"100%\" viewBox=\"0 0 1024 178\" preserveAspectRatio=\"none\" class=\"section-separator-shortcode-divider-svg\"><path class=\"st0\" d=\"M1024 177.193L507.699 43.254 0 177.193V.041h1024v177.152z\"\/>\n\t\t\t\t\t\t\t\t\t<path class=\"st1\" d=\"M1024 138.076L507.699 43.152 0 138.076V-.266h1024v138.342z\"\/>\n\t\t\t\t\t\t\t\t\t<path class=\"st2\" d=\"M1024 67.728L507.699 43.152 0 67.728V-.266h1024v67.994z\"\/>\n\t\t\t\t\t\t\t\t\t<path class=\"st3\" d=\"M1024 3.625L507.699 43.152 0 3.625V-.266h1024v3.891z\"\/>\n\t\t\t\t\t\t\t\t<\/svg><\/div><div class=\"fusion-section-separator-spacer\"><div class=\"fusion-section-separator-spacer-height\" style=\"padding-top:17.3828125%;\"><\/div><\/div><\/div><style type=\"text\/css\"><\/style><div class=\"fusion-title title fusion-title-1 fusion-sep-none fusion-title-center fusion-title-text fusion-title-size-one\" style=\"font-size:50px;margin-top:-50px;margin-right:0px;margin-bottom:20px;margin-left:0px;\"><h1 class=\"title-heading-center fusion-responsive-typography-calculated\" style=\"margin:0;font-size:1em;color:#f44336;--fontSize:50;line-height:1.4;\">ROTHENTHURM<\/h1><\/div><div class=\"fusion-clearfix\"><\/div><\/div><\/div><\/div><\/div><div class=\"fusion-fullwidth fullwidth-box fusion-builder-row-2 nonhundred-percent-fullwidth non-hundred-percent-height-scrolling\" style=\"background-color: rgba(255,255,255,0);background-position: center center;background-repeat: no-repeat;padding-top:0px;padding-right:0px;padding-bottom:0px;padding-left:0px;margin-bottom: 0px;margin-top: 50px;border-width: 0px 0px 0px 0px;border-color:#eae9e9;border-style:solid;\" ><div class=\"fusion-builder-row fusion-row\"><div class=\"fusion-layout-column fusion_builder_column fusion-builder-column-1 fusion_builder_column_1_1 1_1 fusion-one-full fusion-column-first fusion-column-last\" style=\"margin-top:0px;margin-bottom:20px;\"><div class=\"fusion-column-wrapper fusion-flex-column-wrapper-legacy\" style=\"background-position:left top;background-repeat:no-repeat;-webkit-background-size:cover;-moz-background-size:cover;-o-background-size:cover;background-size:cover;padding: 0px 0px 0px 0px;\"><style type=\"text\/css\">.fusion-gallery-1 .fusion-gallery-image {border:0px solid #f6f6f6;}<\/style><div class=\"fusion-gallery fusion-gallery-container fusion-grid-3 fusion-columns-total-5 fusion-gallery-layout-grid fusion-gallery-1\" style=\"margin:-5px;\"><div style=\"padding:5px;\" class=\"fusion-grid-column fusion-gallery-column fusion-gallery-column-3 hover-type-none\"><div class=\"fusion-gallery-image\"><a href=\"https:\/\/tsv-rothenthurm.ch\/wp-content\/uploads\/2020\/03\/rothenthurm-1.jpg\" rel=\"noreferrer\" data-rel=\"iLightbox[gallery_image_1]\" class=\"fusion-lightbox\" target=\"_self\"><img src=\"https:\/\/tsv-rothenthurm.ch\/wp-content\/uploads\/2020\/03\/rothenthurm-1.jpg\" width=\"1200\" height=\"601\" alt=\"\" title=\"rothenthurm\" aria-label=\"rothenthurm\" class=\"img-responsive wp-image-1534\" srcset=\"https:\/\/tsv-rothenthurm.ch\/wp-content\/uploads\/2020\/03\/rothenthurm-1-200x100.jpg 200w, https:\/\/tsv-rothenthurm.ch\/wp-content\/uploads\/2020\/03\/rothenthurm-1-400x200.jpg 400w, https:\/\/tsv-rothenthurm.ch\/wp-content\/uploads\/2020\/03\/rothenthurm-1-600x301.jpg 600w, https:\/\/tsv-rothenthurm.ch\/wp-content\/uploads\/2020\/03\/rothenthurm-1-800x401.jpg 800w, https:\/\/tsv-rothenthurm.ch\/wp-content\/uploads\/2020\/03\/rothenthurm-1.jpg 1200w\" sizes=\"(min-width: 2200px) 100vw, (min-width: 824px) 377px, (min-width: 732px) 565px, (min-width: 640px) 732px, \" \/><\/a><\/div><\/div><div style=\"padding:5px;\" class=\"fusion-grid-column fusion-gallery-column fusion-gallery-column-3 hover-type-none\"><div class=\"fusion-gallery-image\"><a href=\"https:\/\/tsv-rothenthurm.ch\/wp-content\/uploads\/2020\/03\/roterturm-1.jpg\" rel=\"noreferrer\" data-rel=\"iLightbox[gallery_image_1]\" class=\"fusion-lightbox\" target=\"_self\"><img src=\"https:\/\/tsv-rothenthurm.ch\/wp-content\/uploads\/2020\/03\/roterturm-1.jpg\" width=\"1000\" height=\"1250\" alt=\"\" title=\"roterturm\" aria-label=\"roterturm\" class=\"img-responsive wp-image-1533\" srcset=\"https:\/\/tsv-rothenthurm.ch\/wp-content\/uploads\/2020\/03\/roterturm-1-200x250.jpg 200w, https:\/\/tsv-rothenthurm.ch\/wp-content\/uploads\/2020\/03\/roterturm-1-400x500.jpg 400w, https:\/\/tsv-rothenthurm.ch\/wp-content\/uploads\/2020\/03\/roterturm-1-600x750.jpg 600w, https:\/\/tsv-rothenthurm.ch\/wp-content\/uploads\/2020\/03\/roterturm-1-800x1000.jpg 800w, https:\/\/tsv-rothenthurm.ch\/wp-content\/uploads\/2020\/03\/roterturm-1.jpg 1000w\" sizes=\"(min-width: 2200px) 100vw, (min-width: 824px) 377px, (min-width: 732px) 565px, (min-width: 640px) 732px, \" \/><\/a><\/div><\/div><div style=\"padding:5px;\" class=\"fusion-grid-column fusion-gallery-column fusion-gallery-column-3 hover-type-none\"><div class=\"fusion-gallery-image\"><a href=\"https:\/\/tsv-rothenthurm.ch\/wp-content\/uploads\/2020\/03\/neusell3-1.jpg\" rel=\"noreferrer\" data-rel=\"iLightbox[gallery_image_1]\" class=\"fusion-lightbox\" target=\"_self\"><img src=\"https:\/\/tsv-rothenthurm.ch\/wp-content\/uploads\/2020\/03\/neusell3-1.jpg\" width=\"1200\" height=\"720\" alt=\"\" title=\"neusell3\" aria-label=\"neusell3\" class=\"img-responsive wp-image-1532\" srcset=\"https:\/\/tsv-rothenthurm.ch\/wp-content\/uploads\/2020\/03\/neusell3-1-200x120.jpg 200w, https:\/\/tsv-rothenthurm.ch\/wp-content\/uploads\/2020\/03\/neusell3-1-400x240.jpg 400w, https:\/\/tsv-rothenthurm.ch\/wp-content\/uploads\/2020\/03\/neusell3-1-600x360.jpg 600w, https:\/\/tsv-rothenthurm.ch\/wp-content\/uploads\/2020\/03\/neusell3-1-800x480.jpg 800w, https:\/\/tsv-rothenthurm.ch\/wp-content\/uploads\/2020\/03\/neusell3-1.jpg 1200w\" sizes=\"(min-width: 2200px) 100vw, (min-width: 824px) 377px, (min-width: 732px) 565px, (min-width: 640px) 732px, \" \/><\/a><\/div><\/div><div class=\"clearfix\"><\/div><div style=\"padding:5px;\" class=\"fusion-grid-column fusion-gallery-column fusion-gallery-column-3 hover-type-none\"><div class=\"fusion-gallery-image\"><a rel=\"noreferrer\" data-rel=\"iLightbox[gallery_image_1]\" class=\"fusion-lightbox\" target=\"_self\"><img src=\"\" width=\"\" height=\"\" alt=\"\" title=\"\" aria-label=\"\" class=\"img-responsive wp-image-1530\" \/><\/a><\/div><\/div><div style=\"padding:5px;\" class=\"fusion-grid-column fusion-gallery-column fusion-gallery-column-3 hover-type-none\"><div class=\"fusion-gallery-image\"><a href=\"https:\/\/tsv-rothenthurm.ch\/wp-content\/uploads\/2020\/03\/Rothenthurm02.jpg\" rel=\"noreferrer\" data-rel=\"iLightbox[gallery_image_1]\" class=\"fusion-lightbox\" target=\"_self\"><img src=\"https:\/\/tsv-rothenthurm.ch\/wp-content\/uploads\/2020\/03\/Rothenthurm02.jpg\" width=\"2048\" height=\"1536\" alt=\"\" title=\"Rothenthurm02\" aria-label=\"Rothenthurm02\" class=\"img-responsive wp-image-1537\" srcset=\"https:\/\/tsv-rothenthurm.ch\/wp-content\/uploads\/2020\/03\/Rothenthurm02-200x150.jpg 200w, https:\/\/tsv-rothenthurm.ch\/wp-content\/uploads\/2020\/03\/Rothenthurm02-400x300.jpg 400w, https:\/\/tsv-rothenthurm.ch\/wp-content\/uploads\/2020\/03\/Rothenthurm02-600x450.jpg 600w, https:\/\/tsv-rothenthurm.ch\/wp-content\/uploads\/2020\/03\/Rothenthurm02-800x600.jpg 800w, https:\/\/tsv-rothenthurm.ch\/wp-content\/uploads\/2020\/03\/Rothenthurm02-1200x900.jpg 1200w, https:\/\/tsv-rothenthurm.ch\/wp-content\/uploads\/2020\/03\/Rothenthurm02.jpg 2048w\" sizes=\"(min-width: 2200px) 100vw, (min-width: 824px) 377px, (min-width: 732px) 565px, (min-width: 640px) 732px, \" \/><\/a><\/div><\/div><\/div><div class=\"fusion-clearfix\"><\/div><\/div><\/div><\/div><\/div><div class=\"fusion-fullwidth fullwidth-box fusion-builder-row-3 nonhundred-percent-fullwidth non-hundred-percent-height-scrolling\" style=\"background-color: rgba(255,255,255,0);background-position: center center;background-repeat: no-repeat;padding-top:0px;padding-right:0px;padding-bottom:0px;padding-left:0px;margin-bottom: 0px;margin-top: 0px;border-width: 0px 0px 0px 0px;border-color:#eae9e9;border-style:solid;\" ><div class=\"fusion-builder-row fusion-row\"><div class=\"fusion-layout-column fusion_builder_column fusion-builder-column-2 fusion_builder_column_1_1 1_1 fusion-one-full fusion-column-first fusion-column-last\" style=\"margin-top:0px;margin-bottom:20px;\"><div class=\"fusion-column-wrapper fusion-flex-column-wrapper-legacy\" style=\"background-position:left top;background-repeat:no-repeat;-webkit-background-size:cover;-moz-background-size:cover;-o-background-size:cover;background-size:cover;padding: 0px 0px 0px 0px;\"><div class=\"fusion-text fusion-text-1\"><p><span style=\"color: #000000; font-size: 18px;\" data-fusion-font=\"true\">Rothenthurm ist eine Gemeinde mit ca. 2500 Einwohnern und liegt zwischen Pf\u00e4ffikon und Schwyz im Kanton Schwyz. Der Alte Letziturm mit dem roten Dach ist das Markenzeichen und gleichzeitig der Namensgeber unserer Gemeinde. Ein weiteres Markenzeichen ist unser Hochmoor, wo man die Natur von seiner sch\u00f6nsten Seite betrachten kann.<\/span><br \/>\n<span style=\"color: #000000; font-size: 18px;\" data-fusion-font=\"true\">Unser Dorf bietet einige M\u00f6glichkeiten sich sportlich zu bet\u00e4tigen wie wandern, biken, skifahren, Langlauf und nat\u00fcrlich unseren Turnverein.<\/span><\/p>\n<\/div><div class=\"fusion-clearfix\"><\/div><\/div><\/div><\/div><\/div><div class=\"fusion-fullwidth fullwidth-box fusion-builder-row-4 nonhundred-percent-fullwidth non-hundred-percent-height-scrolling\" style=\"background-color: #e83630;background-position: center center;background-repeat: no-repeat;padding-top:0px;padding-right:0px;padding-bottom:0px;padding-left:0px;margin-bottom: -38px;margin-top: 0px;border-width: 0px 0px 0px 0px;border-color:#eae9e9;border-style:solid;\" ><div class=\"fusion-builder-row fusion-row\"><div class=\"fusion-layout-column fusion_builder_column fusion-builder-column-3 fusion_builder_column_1_1 1_1 fusion-one-full fusion-column-first fusion-column-last fusion-column-inner-bg-wrapper fusion-animated\" style=\"margin-top:0px;margin-bottom:0px;\" data-animationType=\"fadeInUp\" data-animationDuration=\"0.9\" data-animationOffset=\"top-into-view\"><div class=\"fusion-column-wrapper fusion-flex-column-wrapper-legacy\" style=\"padding: 0px 0px 0px 0px;\"><style type=\"text\/css\">@media only screen and (max-width:800px) {.fusion-title.fusion-title-2{margin-top:20px!important;margin-bottom:!important;}}<\/style><div class=\"fusion-title title fusion-title-2 fusion-sep-none fusion-title-center fusion-title-text fusion-title-size-three\" style=\"margin-top:20px;margin-right:0px;margin-bottom:20px;margin-left:0px;\"><h3 class=\"title-heading-center fusion-responsive-typography-calculated\" style=\"margin:0;color:#ffffff;--fontSize:20;--minFontSize:20px;line-height:1.5;\">M\u00d6CHTEST DU MEHR \u00dcBER ROTHENTHURM ERFAHREN? KLICK HIER!<\/h3><\/div><div class=\"fusion-clearfix\"><\/div><\/div><span class=\"fusion-column-inner-bg hover-type-none\"><a class=\"fusion-column-anchor\" href=\"https:\/\/www.rothenthurm.ch\/\"><span class=\"fusion-column-inner-bg-image\" style=\"background-position:left top;background-repeat:no-repeat;-webkit-background-size:cover;-moz-background-size:cover;-o-background-size:cover;background-size:cover;\"><\/span><\/a><\/span><\/div><\/div><\/div><\/p>\n","protected":false},"excerpt":{"rendered":"","protected":false},"author":1,"featured_media":0,"parent":0,"menu_order":0,"comment_status":"closed","ping_status":"closed","template":"100-width.php","meta":[],"_links":{"self":[{"href":"https:\/\/tsv-rothenthurm.ch\/index.php\/wp-json\/wp\/v2\/pages\/1529"}],"collection":[{"href":"https:\/\/tsv-rothenthurm.ch\/index.php\/wp-json\/wp\/v2\/pages"}],"about":[{"href":"https:\/\/tsv-rothenthurm.ch\/index.php\/wp-json\/wp\/v2\/types\/page"}],"author":[{"embeddable":true,"href":"https:\/\/tsv-rothenthurm.ch\/index.php\/wp-json\/wp\/v2\/users\/1"}],"replies":[{"embeddable":true,"href":"https:\/\/tsv-rothenthurm.ch\/index.php\/wp-json\/wp\/v2\/comments?post=1529"}],"version-history":[{"count":7,"href":"https:\/\/tsv-rothenthurm.ch\/index.php\/wp-json\/wp\/v2\/pages\/1529\/revisions"}],"predecessor-version":[{"id":1544,"href":"https:\/\/tsv-rothenthurm.ch\/index.php\/wp-json\/wp\/v2\/pages\/1529\/revisions\/1544"}],"wp:attachment":[{"href":"https:\/\/tsv-rothenthurm.ch\/index.php\/wp-json\/wp\/v2\/media?parent=1529"}],"curies":[{"name":"wp","href":"https:\/\/api.w.org\/{rel}","templated":true}]}}